{"id":89,"date":"2020-09-09T09:58:59","date_gmt":"2020-09-09T07:58:59","guid":{"rendered":"https:\/\/avd.vosp.cz\/?page_id=89"},"modified":"2024-10-11T11:07:41","modified_gmt":"2024-10-11T09:07:41","slug":"gdpr","status":"publish","type":"page","link":"https:\/\/avd.vosp.cz\/?page_id=89","title":{"rendered":"GDPR"},"content":{"rendered":"\n<h1 class=\"wp-block-heading\">Informa\u010dn\u00ed memorandum o zpracov\u00e1n\u00ed osobn\u00edch \u00fadaj\u016f v&nbsp;r\u00e1mci AVD d\u00edla<\/h1>\n\n\n\n<p>Tento dokument slou\u017e\u00ed pro informov\u00e1n\u00ed o zp\u016fsobech zpracov\u00e1n\u00ed osobn\u00edch \u00fadaj\u016f ve spole\u010dnosti Vy\u0161\u0161\u00ed odborn\u00e1 \u0161kola publicistiky se s\u00eddlem Sp\u00e1len\u00e1 76\/14, Praha 1, I\u010c 64937925 (d\u00e1le jen \u201eVO\u0160P\u201c), a pr\u00e1vech subjekt\u016f osobn\u00edch \u00fadaj\u016f s\u00a0t\u00edm souvisej\u00edc\u00edch. Ve\u0161ker\u00e9 zpracov\u00e1n\u00ed osobn\u00edch \u00fadaj\u016f vych\u00e1z\u00ed ze sou\u010dasn\u00fdch legislativn\u00edch \u00faprav, a to zejm\u00e9na z\u00a0na\u0159\u00edzen\u00ed Evropsk\u00e9ho parlamentu a Rady (EU) 2016\/679 o ochran\u011b fyzick\u00fdch osob v souvislosti se zpracov\u00e1n\u00edm osobn\u00edch \u00fadaj\u016f, v\u010detn\u011b pr\u00e1v subjektu \u00fadaj\u016f (fyzick\u00e9 osoby) zn\u00e1m\u00e9 jako GDPR (General Data Protection Regulation) a z\u00e1kona 110\/2019 Sb. O zpracov\u00e1n\u00ed osobn\u00edch \u00fadaj\u016f. Ve\u0161ker\u00e9 osobn\u00ed \u00fadaje zpracov\u00e1v\u00e1 VO\u0160P s\u00a0maxim\u00e1ln\u00edm d\u016frazem na bezpe\u010dnost a pou\u017e\u00edv\u00e1 odpov\u00eddaj\u00edc\u00ed dostupn\u00e9 technick\u00e9 prost\u0159edky k\u00a0jejich zpracov\u00e1n\u00ed. Zvl\u00e1\u0161tn\u00ed kategorie osobn\u00edch \u00fadaj\u016f (citliv\u00e9 \u00fadaje) nejsou na stran\u011b VO\u0160P zpracov\u00e1v\u00e1ny. VO\u0160P nepou\u017e\u00edv\u00e1 osobn\u00ed \u00fadaje pro automatizovan\u00e9 rozhodov\u00e1n\u00ed, v\u010detn\u011b profilov\u00e1n\u00ed.<\/p>\n\n\n\n<p>Aktu\u00e1ln\u00ed verze tohoto dokumentu je v\u017edy dostupn\u00e1 na internetov\u00fdch str\u00e1nk\u00e1ch Vy\u0161\u0161\u00ed odborn\u00e9 \u0161koly publicistiky, zaps\u00e1na v rejst\u0159\u00edku \u0161kolsk\u00fdch pr\u00e1vnick\u00fdch osob M\u0160MT ve slo\u017ece 2006 pod \u010d\u00edslem 004, se s\u00eddlem Sp\u00e1len\u00e1 76\/14, 110 00\u00a0 Praha 1 a to na dom\u00e9n\u011b https:\/\/avd.vosp.cz\/<\/p>\n\n\n\n<h1 class=\"wp-block-heading\">&nbsp;<\/h1>\n\n\n\n<h1 class=\"wp-block-heading\">Kdo a kdy zpracov\u00e1v\u00e1 Va\u0161e osobn\u00ed \u00fadaje?<\/h1>\n\n\n\n<p>VO\u0160P zpracov\u00e1v\u00e1 Va\u0161e osobn\u00ed \u00fadaje pouze v&nbsp;nezbytn\u00e9m rozsahu a pouze za p\u0159edpokladu spln\u011bn\u00ed alespo\u0148 jedn\u00e9 z&nbsp;n\u00e1sleduj\u00edc\u00edch podm\u00ednek:<\/p>\n\n\n\n<ul class=\"wp-block-list\"><li>byl n\u00e1m k&nbsp;tomu V\u00e1mi ud\u011blen souhlas<\/li><li>existuje k&nbsp;tomu z&nbsp;na\u0161\u00ed strany opr\u00e1vn\u011bn\u00fd z\u00e1jem<\/li><li>doch\u00e1z\u00ed k&nbsp;tomu v&nbsp;r\u00e1mci pln\u011bn\u00ed smluvn\u00edch ujedn\u00e1n\u00ed<\/li><li>doch\u00e1z\u00ed k&nbsp;tomu v&nbsp;r\u00e1mci pln\u011bn\u00ed z\u00e1konn\u00fdch povinnost\u00ed vypl\u00fdvaj\u00edc\u00ed pro n\u00e1s z&nbsp;obecn\u011b z\u00e1vazn\u00fdch pr\u00e1vn\u00edch p\u0159edpis\u016f<\/li><\/ul>\n\n\n\n<p>Osobn\u00ed \u00fadaje, kter\u00e9 jsou nezbytn\u00e9 pro \u0159\u00e1dn\u00e9 spln\u011bn\u00ed v\u0161ech povinnost\u00ed VO\u0160P, a\u0165 ji\u017e tyto povinnosti vypl\u00fdvaj\u00ed ze smluvn\u00edch ujedn\u00e1n\u00ed \u010di z obecn\u011b z\u00e1vazn\u00fdch pr\u00e1vn\u00edch p\u0159edpis\u016f, mus\u00edme zpracov\u00e1vat i po p\u0159\u00edpadn\u00e9m odvol\u00e1n\u00ed Va\u0161eho souhlasu.<\/p>\n\n\n\n<p>VO\u0160P shroma\u017e\u010fuje a nese odpov\u011bdnost za \u0159\u00e1dn\u00e9 a z\u00e1konn\u00e9 zpracov\u00e1n\u00ed osobn\u00edch \u00fadaj\u016f. Sv\u00e1 pr\u00e1va v&nbsp;r\u00e1mci ochrany osobn\u00edch \u00fadaj\u016f (d\u00e1le v&nbsp;dokumentu pops\u00e1na) m\u016f\u017eete uplat\u0148ovat v\u016f\u010di VO\u0160P v&nbsp;souladu s&nbsp;pokyny uveden\u00fdmi v&nbsp;z\u00e1v\u011bru memoranda.<\/p>\n\n\n\n<h1 class=\"wp-block-heading\">&nbsp;<\/h1>\n\n\n\n<h1 class=\"wp-block-heading\">Zpracov\u00e1n\u00ed osobn\u00edch \u00fadaj\u016f pro vytvo\u0159en\u00ed AVD d\u00edla.<\/h1>\n\n\n\n<p>VO\u0160P zpracov\u00e1v\u00e1 osobn\u00ed \u00fadaje v&nbsp;r\u00e1mci vytvo\u0159en\u00ed a n\u00e1sledn\u00e9ho ulo\u017een\u00ed AVD d\u00edla v&nbsp;souladu s&nbsp;n\u00e1sleduj\u00edc\u00edmi ustanoven\u00edmi memoranda.<\/p>\n\n\n\n<h2 class=\"wp-block-heading\">1.1&nbsp;&nbsp;&nbsp;&nbsp;&nbsp; Hudebn\u00ed skladba k&nbsp;AVD d\u00edlu<\/h2>\n\n\n\n<p>VO\u0160P zpracov\u00e1v\u00e1 osobn\u00ed \u00fadaje autora hudebn\u00ed skladby:<\/p>\n\n\n\n<ul class=\"wp-block-list\"><li>Jm\u00e9no a p\u0159\u00edjmen\u00ed.<\/li><li>Datum narozen\u00ed.<\/li><li>Adresa.<\/li><\/ul>\n\n\n\n<p>V\u00fd\u0161e uveden\u00e9 \u00fadaje jsou zpracov\u00e1v\u00e1ny v po\u010d\u00edta\u010dov\u00e9 datab\u00e1zi spravovan\u00e9 VO\u0160P.<\/p>\n\n\n\n<p>Osobn\u00ed \u00fadaje jsou zpracov\u00e1v\u00e1ny na z\u00e1klad\u011b z\u00e1konn\u00e9 povinnosti:<\/p>\n\n\n\n<ul class=\"wp-block-list\"><li>ochrany autorsk\u00fdch pr\u00e1v,<\/li><li>u student\u016f VO\u0160P pln\u011bn\u00ed studijn\u00edch povinnost\u00ed \u2013 vytvo\u0159en\u00ed AVD d\u00edla pro dolo\u017een\u00ed zvl\u00e1dnut\u00ed po\u017eadovan\u00fdch znalost\u00ed a dovednost\u00ed v&nbsp;souladu se studijn\u00edm zam\u011b\u0159en\u00edm.<\/li><\/ul>\n\n\n\n<p>Osobn\u00ed \u00fadaje jsou zpracov\u00e1v\u00e1ny po dobu 10 n\u00e1sleduj\u00edc\u00edch kalend\u00e1\u0159n\u00edch let od podpisu smluvn\u00edch ujedn\u00e1n\u00ed o autorsk\u00fdch pr\u00e1vech mezi autorem a VO\u0160P.<\/p>\n\n\n\n<h2 class=\"wp-block-heading\">1.2&nbsp;&nbsp;&nbsp;&nbsp;&nbsp; Pou\u017eit\u00ed obrazov\u00e9ho z\u00e1znamu po\u0159\u00edzen\u00e9ho dronem<\/h2>\n\n\n\n<p>VO\u0160P zpracov\u00e1v\u00e1 osobn\u00ed \u00fadaje autora obrazov\u00e9ho z\u00e1znamu:<\/p>\n\n\n\n<ul class=\"wp-block-list\"><li>Jm\u00e9no a p\u0159\u00edjmen\u00ed.<\/li><li>Datum narozen\u00ed.<\/li><li>Adresa.<\/li><\/ul>\n\n\n\n<p>V\u00fd\u0161e uveden\u00e9 \u00fadaje jsou zpracov\u00e1v\u00e1ny v po\u010d\u00edta\u010dov\u00e9 datab\u00e1zi spravovan\u00e9 VO\u0160P.<\/p>\n\n\n\n<p>Osobn\u00ed \u00fadaje jsou zpracov\u00e1v\u00e1ny na z\u00e1klad\u011b z\u00e1konn\u00e9 povinnosti:<\/p>\n\n\n\n<ul class=\"wp-block-list\"><li>ochrany autorsk\u00fdch pr\u00e1v,<\/li><li>u student\u016f VO\u0160P pln\u011bn\u00ed studijn\u00edch povinnost\u00ed \u2013 vytvo\u0159en\u00ed AVD d\u00edla pro dolo\u017een\u00ed zvl\u00e1dnut\u00ed po\u017eadovan\u00fdch znalost\u00ed a dovednost\u00ed v&nbsp;souladu se studijn\u00edm zam\u011b\u0159en\u00edm,<\/li><li>dolo\u017een\u00ed dodr\u017een\u00ed ochrany osobn\u00edch \u00fadaj\u016f a pr\u00e1va na soukrom\u00ed b\u011bhem po\u0159\u00edzen\u00ed obrazov\u00e9ho z\u00e1znamu.<\/li><\/ul>\n\n\n\n<p>Osobn\u00ed \u00fadaje jsou zpracov\u00e1v\u00e1ny po dobu 10 n\u00e1sleduj\u00edc\u00edch kalend\u00e1\u0159n\u00edch let od podpisu smluvn\u00edch ujedn\u00e1n\u00ed o autorsk\u00fdch pr\u00e1vech mezi autorem a VO\u0160P.<\/p>\n\n\n\n<h2 class=\"wp-block-heading\">1.3&nbsp;&nbsp;&nbsp;&nbsp;&nbsp; Pou\u017eit\u00ed osobn\u00edho archivu<\/h2>\n\n\n\n<p>VO\u0160P zpracov\u00e1v\u00e1 osobn\u00ed \u00fadaje majitele osobn\u00edho archivu:<\/p>\n\n\n\n<ul class=\"wp-block-list\"><li>Jm\u00e9no a p\u0159\u00edjmen\u00ed.<\/li><li>Datum narozen\u00ed.<\/li><li>Adresa.<\/li><\/ul>\n\n\n\n<p>V\u00fd\u0161e uveden\u00e9 \u00fadaje jsou zpracov\u00e1v\u00e1ny v po\u010d\u00edta\u010dov\u00e9 datab\u00e1zi spravovan\u00e9 VO\u0160P.<\/p>\n\n\n\n<p>Osobn\u00ed \u00fadaje jsou zpracov\u00e1v\u00e1ny na z\u00e1klad\u011b z\u00e1konn\u00e9 povinnosti:<\/p>\n\n\n\n<ul class=\"wp-block-list\"><li>ochrany autorsk\u00fdch pr\u00e1v,<\/li><li>u student\u016f VO\u0160P pln\u011bn\u00ed studijn\u00edch povinnost\u00ed \u2013 vytvo\u0159en\u00ed AVD d\u00edla pro dolo\u017een\u00ed zvl\u00e1dnut\u00ed po\u017eadovan\u00fdch znalost\u00ed a dovednost\u00ed v&nbsp;souladu se studijn\u00edm zam\u011b\u0159en\u00edm.<\/li><\/ul>\n\n\n\n<p>Osobn\u00ed \u00fadaje jsou zpracov\u00e1v\u00e1ny po dobu 10 n\u00e1sleduj\u00edc\u00edch kalend\u00e1\u0159n\u00edch let od podpisu smluvn\u00edch ujedn\u00e1n\u00ed o autorsk\u00fdch pr\u00e1vech mezi autorem a VO\u0160P. Poskytovatel osobn\u00edho archivu odpov\u00edd\u00e1 za informov\u00e1n\u00ed subjekt\u016f osobn\u00edch \u00fadaj\u016f zaznamenan\u00fdch v&nbsp;osobn\u00edch archivu o \u00fa\u010delu poskytnut\u00ed osobn\u00edho archivu VO\u0160P.<\/p>\n\n\n\n<h2 class=\"wp-block-heading\">1.4&nbsp;&nbsp;&nbsp;&nbsp;&nbsp; Zvukov\u011b-obrazov\u00fd z\u00e1znam protagonist\u016f AVD d\u00edla<\/h2>\n\n\n\n<p>VO\u0160P po\u0159izuje zvukov\u011b-obrazov\u00fd z\u00e1znam a projevy osobn\u00ed povahy protagonist\u016f vystupuj\u00edc\u00edch v&nbsp;AVD d\u00edle.<\/p>\n\n\n\n<p>Zvukov\u011b\u2013obrazov\u00fd z\u00e1znam je po\u0159izov\u00e1n na z\u00e1klad\u011b souhlasu subjektu osobn\u00edch \u00fadaj\u016f.<\/p>\n\n\n\n<p>N\u00e1sledn\u011b jsou v&nbsp;r\u00e1mci ud\u011blen\u00e9ho souhlasu zpracov\u00e1v\u00e1ny osobn\u00ed \u00fadaje:<\/p>\n\n\n\n<ul class=\"wp-block-list\"><li>Jm\u00e9no a p\u0159\u00edjmen\u00ed.<\/li><li>Datum narozen\u00ed.<\/li><li>Adresa.<\/li><\/ul>\n\n\n\n<p>V\u00fd\u0161e uveden\u00e9 \u00fadaje jsou zpracov\u00e1v\u00e1ny v po\u010d\u00edta\u010dov\u00e9 datab\u00e1zi spravovan\u00e9 VO\u0160P.<\/p>\n\n\n\n<p>Osobn\u00ed \u00fadaje jsou zpracov\u00e1v\u00e1ny na z\u00e1klad\u011b z\u00e1konn\u00e9 povinnosti ochrany autorsk\u00fdch pr\u00e1v po dobu 10 n\u00e1sleduj\u00edc\u00edch kalend\u00e1\u0159n\u00edch let od podpisu smluvn\u00edch ujedn\u00e1n\u00ed o autorsk\u00fdch pr\u00e1vech mezi a VO\u0160P.<\/p>\n\n\n\n<h2 class=\"wp-block-heading\">1.5&nbsp;&nbsp;&nbsp;&nbsp;&nbsp; Po\u0159\u00edzen\u00ed fotografi\u00ed protagonist\u016f a autor\u016f p\u0159i tvorb\u011b AVD d\u00edla<\/h2>\n\n\n\n<p>VO\u0160P po\u0159izuje fotografie protagonist\u016f a autor\u016f AVD d\u00edla za \u00fa\u010delem postoupen\u00ed t\u0159et\u00edm stran\u00e1m pouze s&nbsp;jejich souhlasem.&nbsp; V\u00fd\u0161e uveden\u00e9 \u00fadaje jsou zpracov\u00e1v\u00e1ny v po\u010d\u00edta\u010dov\u00e9 datab\u00e1zi spravovan\u00e9 VO\u0160P.<\/p>\n\n\n\n<p>Osobn\u00ed \u00fadaje jsou zpracov\u00e1v\u00e1ny po dobu 10 n\u00e1sleduj\u00edc\u00edch kalend\u00e1\u0159n\u00edch let od podpisu smluvn\u00edch ujedn\u00e1n\u00ed o autorsk\u00fdch pr\u00e1vech mezi protagonistou a VO\u0160P.<\/p>\n\n\n\n<h2 class=\"wp-block-heading\">1.6&nbsp;&nbsp;&nbsp;&nbsp;&nbsp; Zpracov\u00e1n\u00ed osobn\u00edch \u00fadaj\u016f p\u0159i tvorb\u011b AVD d\u00edla v&nbsp;prostor\u00e1ch t\u0159et\u00edch stran<\/h2>\n\n\n\n<p>Pokud jsou v&nbsp;prostor\u00e1ch t\u0159et\u00ed strany, kde je vytv\u00e1\u0159eno AVD d\u00edlo pou\u017e\u00edv\u00e1ny kamerov\u00e9 syst\u00e9my t\u0159et\u00edch stran, a nebo jsou t\u0159et\u00ed stranou vy\u017eadov\u00e1ny osobn\u00ed \u00fadaje za \u00fa\u010delem p\u0159id\u011blen\u00ed vstupu do t\u011bchto prostor, je tato strana povinna&nbsp; p\u0159ed u\u017eit\u00edm prostor, informovat p\u0159\u00edtomn\u00e9 osoby o \u00fa\u010delu zpracov\u00e1n\u00ed osobn\u00edch \u00fadaj\u016f. VO\u0160P zaji\u0161\u0165uje pln\u011bn\u00ed t\u00e9to povinnosti v&nbsp;r\u00e1mci smluvn\u00edch ujedn\u00e1n\u00ed o poskytnut\u00ed prostoru t\u0159et\u00ed stranou.<\/p>\n\n\n\n<h2 class=\"wp-block-heading\">1.7&nbsp;&nbsp;&nbsp;&nbsp;&nbsp; Zpracov\u00e1n\u00ed osobn\u00edch \u00fadaj\u016f protagonist\u016f AVD d\u00edla odli\u0161n\u00fdch od student\u016f a zam\u011bstnanc\u016f VO\u0160P v&nbsp;prostor\u00e1ch VO\u0160P<\/h2>\n\n\n\n<p>Pokud jsou v&nbsp;prostor\u00e1ch VO\u0160P, kde je vytv\u00e1\u0159eno AVD d\u00edlo pou\u017e\u00edv\u00e1ny kamerov\u00e9 syst\u00e9my nebo jsou vy\u017eadov\u00e1ny jm\u00e9no a p\u0159\u00edjmen\u00ed za \u00fa\u010delem p\u0159id\u011blen\u00ed vstupu do t\u011bchto prostor, jsou tyto osobn\u00ed \u00fadaje zpracov\u00e1v\u00e1ny v&nbsp;opr\u00e1vn\u011bn\u00e9m z\u00e1jmu VO\u0160P \u2013 zamezen\u00ed vstupu neopr\u00e1vn\u011bn\u00fdch osob.&nbsp;<\/p>\n\n\n\n<p>Osobn\u00ed \u00fadaje jsou vedeny v&nbsp;pam\u011b\u0165ov\u00fdch m\u00e9di\u00edch po dobu n\u00e1sleduj\u00edc\u00edch 7 kalend\u00e1\u0159n\u00edch dn\u016f.<\/p>\n\n\n\n<h1 class=\"wp-block-heading\">&nbsp;<\/h1>\n\n\n\n<h1 class=\"wp-block-heading\">&nbsp;<\/h1>\n\n\n\n<h1 class=\"wp-block-heading\">P\u0159ed\u00e1v\u00e1n\u00ed osobn\u00edch \u00fadaj\u016f z\u00edskan\u00fdch v&nbsp;r\u00e1mci tvorby AVD d\u00edla t\u0159et\u00edm stran\u00e1m<\/h1>\n\n\n\n<p>VO\u0160P p\u0159ed\u00e1v\u00e1 osobn\u00ed \u00fadaje:<\/p>\n\n\n\n<ul class=\"wp-block-list\"><li>jm\u00e9no a p\u0159\u00edjmen\u00ed autor\u016f a protagonist\u016f AVD d\u00edla,<\/li><li>fotografie autor\u016f a protagonist\u016f AVD d\u00edla,<\/li><\/ul>\n\n\n\n<p>z\u00edskan\u00e9 na z\u00e1klad\u011b pln\u011bn\u00ed z\u00e1konn\u00fdch povinnost\u00ed a souhlasu, t\u0159et\u00edm stran\u00e1m ve sv\u00e9m opr\u00e1vn\u011bn\u00e9m z\u00e1jmu &#8211; propagace VO\u0160P, prost\u0159ednictv\u00edm:<\/p>\n\n\n\n<ul class=\"wp-block-list\"><li>Zp\u0159\u00edstupn\u011bn\u00ed ADV d\u00edla jako sou\u010d\u00e1st AVD pro vys\u00edl\u00e1n\u00ed rozhlasem a televiz\u00ed terestri\u00e1ln\u011b, satelitem, kabelov\u00fdmi rozvody, provozov\u00e1n\u00edm na ve\u0159ejnosti, zp\u0159\u00edstupn\u011bn\u00edm po\u010d\u00edta\u010dovou nebo obdobnou s\u00edt\u00ed (nap\u0159. v&nbsp;s\u00edti internet, v ostatn\u00edch soci\u00e1ln\u00edch s\u00edt\u00edch, mobiln\u00edch telefonech, zejm\u00e9na AVD um\u00edstit do vnit\u0159n\u00edho okruhu VO\u0160P, na web VO\u0160P a dal\u0161\u00ed webov\u00e9 str\u00e1nky a jakoukoliv soci\u00e1ln\u00ed s\u00ed\u0165), za\u0159azen\u00edm do datab\u00e1ze a jej\u00edm zp\u0159\u00edstupn\u011bn\u00edm,<\/li><li>z\u00e1znamu jako sou\u010d\u00e1st AVD pro rozmno\u017eov\u00e1n\u00ed a roz\u0161i\u0159ov\u00e1n\u00ed v\u0161emi zp\u016fsoby (tj. zejm\u00e9na prod\u00e1vat, darovat, p\u016fj\u010dovat, pronaj\u00edmat),<\/li><li>za\u0159azen\u00edm z\u00e1znamu do jin\u00fdch audiovizu\u00e1ln\u00edch d\u011bl,<\/li><li>intern\u00ed televize VO\u0160P,<\/li><li>po\u0159\u00edzen\u00ed jazykov\u00e9 verze AVD dabov\u00e1n\u00edm \u010di titulkov\u00e1n\u00edm,<\/li><li>za\u0159azen\u00ed do periodick\u00fdch a neperiodick\u00fdch publikac\u00ed a jejich roz\u0161i\u0159ov\u00e1n\u00edm.<\/li><\/ul>\n\n\n\n<p>Osobn\u00ed \u00fadaje jsou p\u0159ed\u00e1v\u00e1ny po dobu zpracov\u00e1n\u00ed osobn\u00edch \u00fadaj\u016f n\u00e1sleduj\u00edc\u00edm t\u0159et\u00edm stran\u00e1m:<\/p>\n\n\n\n<p>terestri\u00e1ln\u00edm, satelitn\u00edm a kabelov\u00fdm televiz\u00edm; internetov\u00fdm m\u00e9di\u00edm; soci\u00e1ln\u00edm s\u00edt\u00edm, ti\u0161t\u011bn\u00fdm medi\u00edm; r\u00e1diov\u00fdm stanic\u00edm; marketingov\u00fdm a PR agentur\u00e1m<\/p>\n\n\n\n<h1 class=\"wp-block-heading\">&nbsp;<\/h1>\n\n\n\n<h1 class=\"wp-block-heading\">&nbsp;<\/h1>\n\n\n\n<h1 class=\"wp-block-heading\">Pr\u00e1va subjektu osobn\u00edch \u00fadaj\u016f<\/h1>\n\n\n\n<p>Ka\u017ed\u00fd subjekt osobn\u00edch \u00fadaj\u016f m\u00e1 n\u00e1sleduj\u00edc\u00ed pr\u00e1va, kter\u00e1 m\u016f\u017ee kdykoli uplatnit:<\/p>\n\n\n\n<ul class=\"wp-block-list\"><li>Pr\u00e1vo b\u00fdt informov\u00e1n o zpracov\u00e1n\u00ed sv\u00fdch \u00fadaj\u016f \u2013 jde zejm\u00e9na o informace o \u00fa\u010delu zpracov\u00e1n\u00ed, o p\u0159\u00edjemc\u00edch osobn\u00edch \u00fadaj\u016f, pokud doch\u00e1z\u00ed k&nbsp;jejich p\u0159ed\u00e1v\u00e1n\u00ed dal\u0161\u00edm osob\u00e1m.<\/li><li>Pr\u00e1vo na p\u0159\u00edstup k osobn\u00edm \u00fadaj\u016fm \u2013 poskytnut\u00ed informace o osobn\u00edch \u00fadaj\u00edch, kter\u00e9 jsou zpracov\u00e1v\u00e1ny.<\/li><li>Pr\u00e1vo na opravu \u010di dopln\u011bn\u00ed \u2013 \u00faprava osobn\u00edch \u00fadaj\u016f pro dosa\u017een\u00ed aktu\u00e1lnosti a spr\u00e1vnosti.<\/li><li>Pr\u00e1vo na v\u00fdmaz \u2013 pokud to nebude v&nbsp;rozporu s&nbsp;jin\u00fdmi \u00fa\u010dely, pro n\u011b\u017e jsou \u00fadaje zpracov\u00e1v\u00e1ny.<\/li><li>Pr\u00e1vo na omezen\u00ed zpracov\u00e1n\u00ed \u2013 pokud to nebude v&nbsp;rozporu s&nbsp;jin\u00fdmi \u00fa\u010dely pro n\u011b\u017e jsou \u00fadaje zpracov\u00e1v\u00e1ny.<\/li><li>Pr\u00e1vo na p\u0159enositelnost \u00fadaj\u016f \u2013 p\u0159ed\u00e1n\u00ed osobn\u00edch \u00fadaj\u016f na z\u00e1klad\u011b pokynu subjektu osobn\u00edch \u00fadaj\u016f jin\u00e9 osob\u011b.<\/li><li>Pr\u00e1vo vzn\u00e9st n\u00e1mitku proti zpracov\u00e1n\u00ed osobn\u00edch \u00fadaj\u016f<\/li><\/ul>\n\n\n\n<h1 class=\"wp-block-heading\">&nbsp;<\/h1>\n\n\n\n<h1 class=\"wp-block-heading\">&nbsp;<\/h1>\n\n\n\n<h1 class=\"wp-block-heading\">Uplatn\u011bn\u00ed pr\u00e1v subjektu \u00fadaj\u016f<\/h1>\n\n\n\n<p>Sv\u00e1 pr\u00e1va subjekt\u016f \u00fadaj\u016f m\u016f\u017eete uplatnit:<\/p>\n\n\n\n<ul class=\"wp-block-list\"><li>Osoby, kter\u00e9 maj\u00ed vytvo\u0159en\u00fd u\u017eivatelsk\u00fd \u00fa\u010det v&nbsp;intern\u00ed IT s\u00edti VO\u0160P zasl\u00e1n\u00edm mailu na adresu <a href=\"mailto:centrala@vosp.cz\"><strong>centrala@vosp.cz<\/strong><\/a><\/li><li>P\u00edsemn\u011b na adresu s\u00eddla VO\u0160P s&nbsp;ov\u011b\u0159en\u00fdm podpisem za \u00fa\u010delem prok\u00e1z\u00e1n\u00ed Va\u0161\u00ed toto\u017enosti, jde o preventivn\u00ed bezpe\u010dnostn\u00ed opat\u0159en\u00ed k zamezen\u00ed p\u0159\u00edstupu neopr\u00e1vn\u011bn\u00fdch osob k osobn\u00edm \u00fadaj\u016fm.<\/li><\/ul>\n\n\n\n<p>V&nbsp;p\u0159\u00edpad\u011b jak\u00e9hokoliv dotazu \u010di podn\u011btu t\u00fdkaj\u00edc\u00edho se ochrany osobn\u00edch \u00fadaj\u016f n\u00e1s m\u016f\u017eete kontaktovat na<br>e-mailov\u00e9 adrese <a href=\"mailto:centrala@vosp.cz\">centrala@vosp.cz<\/a><\/p>\n\n\n\n<p>(Subjekt osobn\u00edch \u00fadaj\u016f m\u00e1 pr\u00e1vo obr\u00e1tit se, p\u0159i podez\u0159en\u00ed na poru\u0161en\u00ed Ochrany osobn\u00edch \u00fadaj\u016f na \u00da\u0159ad pro ochranu osobn\u00edch \u00fadaj\u016f, adresa: Pplk. Sochora 27, 170 00 Praha 7, tel.: 234 665&nbsp;111, web: <a href=\"http:\/\/www.uoou.cz\">www.uoou.cz<\/a>).<\/p>\n\n\n\n<p>V&nbsp;Praze dne:<\/p>\n","protected":false},"excerpt":{"rendered":"<p>Informa\u010dn\u00ed memorandum o zpracov\u00e1n\u00ed osobn\u00edch \u00fadaj\u016f v&nbsp;r\u00e1mci AVD d\u00edla Tento dokument slou\u017e\u00ed pro informov\u00e1n\u00ed o zp\u016fsobech zpracov\u00e1n\u00ed osobn\u00edch \u00fadaj\u016f ve spole\u010dnosti Vy\u0161\u0161\u00ed odborn\u00e1 \u0161kola publicistiky se s\u00eddlem Sp\u00e1len\u00e1 76\/14, Praha 1, I\u010c 64937925 (d\u00e1le jen \u201eVO\u0160P\u201c), a pr\u00e1vech subjekt\u016f osobn\u00edch \u00fadaj\u016f s\u00a0t\u00edm souvisej\u00edc\u00edch. Ve\u0161ker\u00e9 zpracov\u00e1n\u00ed osobn\u00edch \u00fadaj\u016f vych\u00e1z\u00ed ze sou\u010dasn\u00fdch legislativn\u00edch \u00faprav, a to zejm\u00e9na &#8230; <a title=\"GDPR\" class=\"read-more\" href=\"https:\/\/avd.vosp.cz\/?page_id=89\" aria-label=\"\u010c\u00edst v\u00edce o GDPR\">\u010c\u00edst d\u00e1l<\/a><\/p>\n","protected":false},"author":2,"featured_media":0,"parent":0,"menu_order":0,"comment_status":"closed","ping_status":"closed","template":"","meta":{"ngg_post_thumbnail":0,"footnotes":""},"class_list":["post-89","page","type-page","status-publish"],"_links":{"self":[{"href":"https:\/\/avd.vosp.cz\/index.php?rest_route=\/wp\/v2\/pages\/89","targetHints":{"allow":["GET"]}}],"collection":[{"href":"https:\/\/avd.vosp.cz\/index.php?rest_route=\/wp\/v2\/pages"}],"about":[{"href":"https:\/\/avd.vosp.cz\/index.php?rest_route=\/wp\/v2\/types\/page"}],"author":[{"embeddable":true,"href":"https:\/\/avd.vosp.cz\/index.php?rest_route=\/wp\/v2\/users\/2"}],"replies":[{"embeddable":true,"href":"https:\/\/avd.vosp.cz\/index.php?rest_route=%2Fwp%2Fv2%2Fcomments&post=89"}],"version-history":[{"count":3,"href":"https:\/\/avd.vosp.cz\/index.php?rest_route=\/wp\/v2\/pages\/89\/revisions"}],"predecessor-version":[{"id":425,"href":"https:\/\/avd.vosp.cz\/index.php?rest_route=\/wp\/v2\/pages\/89\/revisions\/425"}],"wp:attachment":[{"href":"https:\/\/avd.vosp.cz\/index.php?rest_route=%2Fwp%2Fv2%2Fmedia&parent=89"}],"curies":[{"name":"wp","href":"https:\/\/api.w.org\/{rel}","templated":true}]}}