{"id":70,"date":"2020-09-04T19:42:21","date_gmt":"2020-09-04T17:42:21","guid":{"rendered":"https:\/\/avd.vosp.cz\/?page_id=70"},"modified":"2024-02-07T11:42:34","modified_gmt":"2024-02-07T10:42:34","slug":"grafika","status":"publish","type":"page","link":"https:\/\/avd.vosp.cz\/?page_id=70","title":{"rendered":"Grafika"},"content":{"rendered":"\n<p>Zde naleznete odkaz ke sta\u017een\u00ed grafiky TV DOT pro report\u00e1\u017ee a <strong>manu\u00e1ly ke spr\u00e1vn\u00e9mu pou\u017eit\u00ed<\/strong> (velikosti a um\u00edst\u011bn\u00ed font\u016f apod.):<\/p>\n\n\n\n<div class=\"wp-block-buttons is-layout-flex wp-block-buttons-is-layout-flex\">\n<div class=\"wp-block-button\"><a class=\"wp-block-button__link\" href=\"https:\/\/drive.google.com\/drive\/folders\/1a2KWE9QGMmoXrrfhVraKA55TJPXLDb8-\" target=\"_blank\" rel=\"noreferrer noopener\">Grafika DOT, \u0161koly, HB<\/a><\/div>\n<\/div>\n\n\n\n<div class=\"wp-block-buttons is-layout-flex wp-block-buttons-is-layout-flex\">\n<div class=\"wp-block-button\"><a class=\"wp-block-button__link\" href=\"https:\/\/help.hudebnibanka.cz\/cs\/articles\/5324088-co-uvadet-v-titulcich\" target=\"_blank\" rel=\"noreferrer noopener\">Pou\u017eit\u00ed loga Hudebn\u00ed banky<\/a><\/div>\n<\/div>\n\n\n\n<p>Manu\u00e1l k pou\u017eit\u00ed motion template v Adobe Premiere Pro:<\/p>\n\n\n\n<figure class=\"wp-block-embed-youtube wp-block-embed is-type-video is-provider-youtube wp-embed-aspect-16-9 wp-has-aspect-ratio\"><div class=\"wp-block-embed__wrapper\">\n<iframe loading=\"lazy\" title=\"Tutori\u00e1l grafika Premiere 2020\" width=\"1200\" height=\"675\" src=\"https:\/\/www.youtube.com\/embed\/Stb2_y7Rea0?feature=oembed\" frameborder=\"0\" allow=\"accelerometer; autoplay; clipboard-write; encrypted-media; gyroscope; picture-in-picture\" allowfullscreen><\/iframe>\n<\/div><\/figure>\n\n\n\n<p>Uk\u00e1zka spr\u00e1vn\u00e9ho pou\u017eit\u00ed grafiky v report\u00e1\u017e\u00edch a v\u00fdstupech.<\/p>\n","protected":false},"excerpt":{"rendered":"<p>Zde naleznete odkaz ke sta\u017een\u00ed grafiky TV DOT pro report\u00e1\u017ee a manu\u00e1ly ke spr\u00e1vn\u00e9mu pou\u017eit\u00ed (velikosti a um\u00edst\u011bn\u00ed font\u016f apod.): Manu\u00e1l k pou\u017eit\u00ed motion template v Adobe Premiere Pro: Uk\u00e1zka spr\u00e1vn\u00e9ho pou\u017eit\u00ed grafiky v report\u00e1\u017e\u00edch a v\u00fdstupech.<\/p>\n","protected":false},"author":3,"featured_media":0,"parent":383,"menu_order":0,"comment_status":"closed","ping_status":"closed","template":"","meta":{"ngg_post_thumbnail":0,"footnotes":""},"class_list":["post-70","page","type-page","status-publish"],"_links":{"self":[{"href":"https:\/\/avd.vosp.cz\/index.php?rest_route=\/wp\/v2\/pages\/70","targetHints":{"allow":["GET"]}}],"collection":[{"href":"https:\/\/avd.vosp.cz\/index.php?rest_route=\/wp\/v2\/pages"}],"about":[{"href":"https:\/\/avd.vosp.cz\/index.php?rest_route=\/wp\/v2\/types\/page"}],"author":[{"embeddable":true,"href":"https:\/\/avd.vosp.cz\/index.php?rest_route=\/wp\/v2\/users\/3"}],"replies":[{"embeddable":true,"href":"https:\/\/avd.vosp.cz\/index.php?rest_route=%2Fwp%2Fv2%2Fcomments&post=70"}],"version-history":[{"count":12,"href":"https:\/\/avd.vosp.cz\/index.php?rest_route=\/wp\/v2\/pages\/70\/revisions"}],"predecessor-version":[{"id":415,"href":"https:\/\/avd.vosp.cz\/index.php?rest_route=\/wp\/v2\/pages\/70\/revisions\/415"}],"up":[{"embeddable":true,"href":"https:\/\/avd.vosp.cz\/index.php?rest_route=\/wp\/v2\/pages\/383"}],"wp:attachment":[{"href":"https:\/\/avd.vosp.cz\/index.php?rest_route=%2Fwp%2Fv2%2Fmedia&parent=70"}],"curies":[{"name":"wp","href":"https:\/\/api.w.org\/{rel}","templated":true}]}}