{"id":38,"date":"2020-09-04T17:03:23","date_gmt":"2020-09-04T15:03:23","guid":{"rendered":"https:\/\/avd.vosp.cz\/?page_id=38"},"modified":"2025-10-15T14:22:31","modified_gmt":"2025-10-15T12:22:31","slug":"produkcni-dokumentace","status":"publish","type":"page","link":"https:\/\/avd.vosp.cz\/?page_id=38","title":{"rendered":"Produk\u010dn\u00ed dokumentace"},"content":{"rendered":"\n<div class=\"wp-block-buttons is-layout-flex wp-block-buttons-is-layout-flex\">\n<div class=\"wp-block-button\"><a class=\"wp-block-button__link wp-element-button\" href=\"https:\/\/vospcz-my.sharepoint.com\/:f:\/g\/personal\/centrala_vosp_cz\/EkRLL-8Oa5RGq6rzBtdC8NQBxytWVjqCY7ZWFSci0kIMnw?e=vF6tjH\" target=\"_blank\" rel=\"noreferrer noopener\">Odevzd\u00e1vky na OneDrive Centr\u00e1ly<\/a><\/div>\n<\/div>\n\n\n\n<p><\/p>\n\n\n\n<h2 class=\"wp-block-heading\"><strong>V\u00fdrobn\u00ed memorandum a Zpr\u00e1va o v\u00fdrob\u011b<\/strong><\/h2>\n\n\n\n<div class=\"wp-block-buttons is-layout-flex wp-block-buttons-is-layout-flex\">\n<div class=\"wp-block-button\"><a class=\"wp-block-button__link wp-element-button\" href=\"https:\/\/forms.office.com\/e\/xUadquebL4\" target=\"_blank\" rel=\"noreferrer noopener\">V\u00fdrobn\u00ed memorandum<\/a><\/div>\n<\/div>\n\n\n\n<div class=\"wp-block-buttons is-layout-flex wp-block-buttons-is-layout-flex\">\n<div class=\"wp-block-button\"><a class=\"wp-block-button__link wp-element-button\" href=\"https:\/\/forms.office.com\/e\/VvGfh5iECF\" target=\"_blank\" rel=\"noreferrer noopener\">AP V\u00fdrobn\u00ed memorandum<\/a><\/div>\n<\/div>\n\n\n\n<div class=\"wp-block-buttons is-layout-flex wp-block-buttons-is-layout-flex\">\n<div class=\"wp-block-button\"><a class=\"wp-block-button__link wp-element-button\" href=\"https:\/\/forms.office.com\/e\/LbCvmG7WTv\" target=\"_blank\" rel=\"noreferrer noopener\">Zpr\u00e1va o v\u00fdrob\u011b<\/a><\/div>\n<\/div>\n\n\n\n<p><\/p>\n\n\n\n<h3 class=\"wp-block-heading\"><strong>Ko\u0161ilka<\/strong><\/h3>\n\n\n\n<div class=\"wp-block-file\"><a id=\"wp-block-file--media-048d3bd3-dabd-476b-a306-733838a02d30\" href=\"https:\/\/avd.vosp.cz\/wp-content\/uploads\/2025\/10\/Kosilka_v2_opravena.docx\">Kos\u030cilka_v2_opravena<\/a><a href=\"https:\/\/avd.vosp.cz\/wp-content\/uploads\/2025\/10\/Kosilka_v2_opravena.docx\" class=\"wp-block-file__button wp-element-button\" download aria-describedby=\"wp-block-file--media-048d3bd3-dabd-476b-a306-733838a02d30\">St\u00e1hnout<\/a><\/div>\n\n\n\n<p><\/p>\n\n\n\n<p><strong>Souhlasy GDPR<\/strong><\/p>\n\n\n\n<div class=\"wp-block-file\"><a href=\"https:\/\/avd.vosp.cz\/wp-content\/uploads\/2024\/11\/Souhlas_respondent_GDPR_24_25.docx\">Souhlas_respondent_GDPR_24_25<\/a><a href=\"https:\/\/avd.vosp.cz\/wp-content\/uploads\/2024\/11\/Souhlas_respondent_GDPR_24_25.docx\" class=\"wp-block-file__button wp-element-button\" download>St\u00e1hnout<\/a><\/div>\n\n\n\n<div class=\"wp-block-file\"><a href=\"https:\/\/avd.vosp.cz\/wp-content\/uploads\/2024\/11\/Souhlas_nezletila-osoba_GDPR_24_25.docx\">Souhlas_nezletila-osoba_GDPR_24_25<\/a><a href=\"https:\/\/avd.vosp.cz\/wp-content\/uploads\/2024\/11\/Souhlas_nezletila-osoba_GDPR_24_25.docx\" class=\"wp-block-file__button wp-element-button\" download>St\u00e1hnout<\/a><\/div>\n\n\n\n<div class=\"wp-block-file\"><a href=\"https:\/\/avd.vosp.cz\/wp-content\/uploads\/2024\/11\/Informacni-memorandum_GDPR_24_25.docx\">Informacni-memorandum_GDPR_24_25<\/a><a href=\"https:\/\/avd.vosp.cz\/wp-content\/uploads\/2024\/11\/Informacni-memorandum_GDPR_24_25.docx\" class=\"wp-block-file__button wp-element-button\" download>St\u00e1hnout<\/a><\/div>\n\n\n\n<p><\/p>\n\n\n\n<p><strong>Svolen\u00ed<\/strong><\/p>\n\n\n\n<div class=\"wp-block-file\"><a href=\"https:\/\/avd.vosp.cz\/wp-content\/uploads\/2024\/11\/Svoleni-respondent_24_25.docx\">Svoleni-respondent_24_25<\/a><a href=\"https:\/\/avd.vosp.cz\/wp-content\/uploads\/2024\/11\/Svoleni-respondent_24_25.docx\" class=\"wp-block-file__button wp-element-button\" download>St\u00e1hnout<\/a><\/div>\n\n\n\n<div class=\"wp-block-file\"><a href=\"https:\/\/avd.vosp.cz\/wp-content\/uploads\/2024\/11\/Svoleni-nezletila-osoba_24_25-1.docx\">Svoleni-nezletila-osoba_24_25<\/a><a href=\"https:\/\/avd.vosp.cz\/wp-content\/uploads\/2024\/11\/Svoleni-nezletila-osoba_24_25-1.docx\" class=\"wp-block-file__button wp-element-button\" download>St\u00e1hnout<\/a><\/div>\n\n\n\n<div class=\"wp-block-file\"><a href=\"https:\/\/avd.vosp.cz\/wp-content\/uploads\/2024\/11\/Svoleni_prostory_24_25.docx\">Svoleni_prostory_24_25<\/a><a href=\"https:\/\/avd.vosp.cz\/wp-content\/uploads\/2024\/11\/Svoleni_prostory_24_25.docx\" class=\"wp-block-file__button wp-element-button\" download>St\u00e1hnout<\/a><\/div>\n\n\n\n<div class=\"wp-block-file\"><a href=\"https:\/\/avd.vosp.cz\/wp-content\/uploads\/2024\/11\/Svoleni_prostory_pravnicka-osoba_24_25.docx\">Svoleni_prostory_pravnicka-osoba_24_25<\/a><a href=\"https:\/\/avd.vosp.cz\/wp-content\/uploads\/2024\/11\/Svoleni_prostory_pravnicka-osoba_24_25.docx\" class=\"wp-block-file__button wp-element-button\" download>St\u00e1hnout<\/a><\/div>\n\n\n\n<div class=\"wp-block-file\"><a href=\"https:\/\/avd.vosp.cz\/wp-content\/uploads\/2024\/11\/Svoleni_archivni-zabery_spolecnost_24_25.docx\">Svoleni_archivni-zabery_spolecnost_24_25<\/a><a href=\"https:\/\/avd.vosp.cz\/wp-content\/uploads\/2024\/11\/Svoleni_archivni-zabery_spolecnost_24_25.docx\" class=\"wp-block-file__button wp-element-button\" download>St\u00e1hnout<\/a><\/div>\n\n\n\n<div class=\"wp-block-file\"><a href=\"https:\/\/avd.vosp.cz\/wp-content\/uploads\/2024\/11\/Svoleni_osobni-archiv_24_25.docx\">Svoleni_osobni-archiv_24_25<\/a><a href=\"https:\/\/avd.vosp.cz\/wp-content\/uploads\/2024\/11\/Svoleni_osobni-archiv_24_25.docx\" class=\"wp-block-file__button wp-element-button\" download>St\u00e1hnout<\/a><\/div>\n\n\n\n<div class=\"wp-block-file\"><a href=\"https:\/\/avd.vosp.cz\/wp-content\/uploads\/2024\/11\/Svoleni_fotografie_24_25.docx\">Svoleni_fotografie_24_25<\/a><a href=\"https:\/\/avd.vosp.cz\/wp-content\/uploads\/2024\/11\/Svoleni_fotografie_24_25.docx\" class=\"wp-block-file__button wp-element-button\" download>St\u00e1hnout<\/a><\/div>\n\n\n\n<div class=\"wp-block-file\"><a href=\"https:\/\/avd.vosp.cz\/wp-content\/uploads\/2024\/11\/Svoleni_dron_24_25.docx\">Svoleni_dron_24_25<\/a><a href=\"https:\/\/avd.vosp.cz\/wp-content\/uploads\/2024\/11\/Svoleni_dron_24_25.docx\" class=\"wp-block-file__button wp-element-button\" download>St\u00e1hnout<\/a><\/div>\n\n\n\n<div class=\"wp-block-file\"><a href=\"https:\/\/avd.vosp.cz\/wp-content\/uploads\/2024\/11\/Svoleni_hudba_24_25.docx\">Svoleni_hudba_24_25<\/a><a href=\"https:\/\/avd.vosp.cz\/wp-content\/uploads\/2024\/11\/Svoleni_hudba_24_25.docx\" class=\"wp-block-file__button wp-element-button\" download>St\u00e1hnout<\/a><\/div>\n\n\n\n<p><\/p>\n\n\n\n<p><strong>V\u00fdrobn\u00ed dokumentace<\/strong><\/p>\n\n\n\n<div class=\"wp-block-file\"><a href=\"https:\/\/avd.vosp.cz\/wp-content\/uploads\/2021\/10\/Hlaseni-o-hudbe.docx\">Hlaseni-o-hudbe (pokud je hudba jin\u00e1 ne\u017e z Hudebn\u00ed banky)<\/a><a href=\"https:\/\/avd.vosp.cz\/wp-content\/uploads\/2021\/10\/Hlaseni-o-hudbe.docx\" class=\"wp-block-file__button wp-element-button\" download>St\u00e1hnout<\/a><\/div>\n\n\n\n<p><\/p>\n\n\n\n<p><strong>Ostatn\u00ed<\/strong><\/p>\n\n\n\n<div class=\"wp-block-file\"><a href=\"https:\/\/avd.vosp.cz\/wp-content\/uploads\/2021\/10\/Skriptlist.odt\">Skriptlist<\/a><a href=\"https:\/\/avd.vosp.cz\/wp-content\/uploads\/2021\/10\/Skriptlist.odt\" class=\"wp-block-file__button wp-element-button\" download>St\u00e1hnout<\/a><\/div>\n\n\n\n<div class=\"wp-block-file\"><a href=\"https:\/\/avd.vosp.cz\/wp-content\/uploads\/2021\/10\/Denni-dispozice.odt\">Denni-dispozice<\/a><a href=\"https:\/\/avd.vosp.cz\/wp-content\/uploads\/2021\/10\/Denni-dispozice.odt\" class=\"wp-block-file__button wp-element-button\" download>St\u00e1hnout<\/a><\/div>\n\n\n\n<p><\/p>\n","protected":false},"excerpt":{"rendered":"<p>V\u00fdrobn\u00ed memorandum a Zpr\u00e1va o v\u00fdrob\u011b Ko\u0161ilka Souhlasy GDPR Svolen\u00ed V\u00fdrobn\u00ed dokumentace Ostatn\u00ed<\/p>\n","protected":false},"author":2,"featured_media":0,"parent":383,"menu_order":0,"comment_status":"closed","ping_status":"closed","template":"","meta":{"ngg_post_thumbnail":0,"footnotes":""},"class_list":["post-38","page","type-page","status-publish"],"_links":{"self":[{"href":"https:\/\/avd.vosp.cz\/index.php?rest_route=\/wp\/v2\/pages\/38","targetHints":{"allow":["GET"]}}],"collection":[{"href":"https:\/\/avd.vosp.cz\/index.php?rest_route=\/wp\/v2\/pages"}],"about":[{"href":"https:\/\/avd.vosp.cz\/index.php?rest_route=\/wp\/v2\/types\/page"}],"author":[{"embeddable":true,"href":"https:\/\/avd.vosp.cz\/index.php?rest_route=\/wp\/v2\/users\/2"}],"replies":[{"embeddable":true,"href":"https:\/\/avd.vosp.cz\/index.php?rest_route=%2Fwp%2Fv2%2Fcomments&post=38"}],"version-history":[{"count":28,"href":"https:\/\/avd.vosp.cz\/index.php?rest_route=\/wp\/v2\/pages\/38\/revisions"}],"predecessor-version":[{"id":449,"href":"https:\/\/avd.vosp.cz\/index.php?rest_route=\/wp\/v2\/pages\/38\/revisions\/449"}],"up":[{"embeddable":true,"href":"https:\/\/avd.vosp.cz\/index.php?rest_route=\/wp\/v2\/pages\/383"}],"wp:attachment":[{"href":"https:\/\/avd.vosp.cz\/index.php?rest_route=%2Fwp%2Fv2%2Fmedia&parent=38"}],"curies":[{"name":"wp","href":"https:\/\/api.w.org\/{rel}","templated":true}]}}