{"id":288,"date":"2021-05-17T22:23:12","date_gmt":"2021-05-17T20:23:12","guid":{"rendered":"https:\/\/avd.vosp.cz\/?page_id=288"},"modified":"2022-03-18T13:04:23","modified_gmt":"2022-03-18T12:04:23","slug":"vzdelavejte-se","status":"publish","type":"page","link":"https:\/\/avd.vosp.cz\/?page_id=288","title":{"rendered":"Vzd\u011bl\u00e1vejte se"},"content":{"rendered":"\n<h2 class=\"wp-block-heading\"><strong>IT<\/strong><\/h2>\n\n\n\n<p><a rel=\"noreferrer noopener\" href=\"https:\/\/www.hpmarket.cz\/document.asp?dc=procesory-notebooku&amp;utm_source=facebook&amp;utm_medium=cpc&amp;utm_campaign=PruvodceProcesory&amp;fbclid=IwAR07wwLt9YWGL2jqMywL8qtwBKtSqmKoE0lswsjHuoonfvAr0nzrj2rVyzM\" target=\"_blank\">Pr\u016fvodce notebookov\u00fdmi procesory<\/a> (duben 2021)<\/p>\n\n\n\n<p><a href=\"https:\/\/pameti.heureka.cz\/poradna\/jak-vybrat-operacni-pamet\/\" target=\"_blank\" rel=\"noreferrer noopener\">Jak vybrat opera\u010dn\u00ed pam\u011b\u0165 (RAM)?<\/a><\/p>\n\n\n\n<p><\/p>\n\n\n\n<h2 class=\"wp-block-heading\"><strong>Kamera<\/strong><\/h2>\n\n\n\n<p><a rel=\"noreferrer noopener\" href=\"https:\/\/www.idnes.cz\/technet\/audio-foto-video\/zakladni-kamen-kazdeho-fotaku-jak-vznika-obraz-v-objektivu.A071025_103506_tec_foto_jlb?\" target=\"_blank\">Z\u00e1kladn\u00ed k\u00e1men ka\u017ed\u00e9ho fo\u0165\u00e1ku. Jak vznik\u00e1 obraz v objektivu<\/a> (listopad 2007)<\/p>\n\n\n\n<p><a rel=\"noreferrer noopener\" href=\"https:\/\/www.bhphotovideo.com\/explora\/video\/tips-and-solutions\/8-bit-10-bit-what-does-it-all-mean-for-your-videos\" target=\"_blank\">Rozd\u00edl mezi 8 a 10-bitov\u00fdm videem<\/a> (anglicky) (2019)<\/p>\n\n\n\n<p><\/p>\n\n\n\n<h2 class=\"wp-block-heading\"><strong>Technika<\/strong><\/h2>\n\n\n\n<p><a href=\"https:\/\/www.showmecables.com\/blog\/post\/how-can-you-tell-the-difference-between-xlr-and-dmx\" target=\"_blank\" rel=\"noreferrer noopener\">Rozd\u00edl mezi XLR a DMX<\/a> (anglicky) (\u010derven 2019)<\/p>\n","protected":false},"excerpt":{"rendered":"<p>IT Pr\u016fvodce notebookov\u00fdmi procesory (duben 2021) Jak vybrat opera\u010dn\u00ed pam\u011b\u0165 (RAM)? Kamera Z\u00e1kladn\u00ed k\u00e1men ka\u017ed\u00e9ho fo\u0165\u00e1ku. Jak vznik\u00e1 obraz v objektivu (listopad 2007) Rozd\u00edl mezi 8 a 10-bitov\u00fdm videem (anglicky) (2019) Technika Rozd\u00edl mezi XLR a DMX (anglicky) (\u010derven 2019)<\/p>\n","protected":false},"author":3,"featured_media":0,"parent":0,"menu_order":0,"comment_status":"closed","ping_status":"closed","template":"","meta":{"ngg_post_thumbnail":0,"footnotes":""},"class_list":["post-288","page","type-page","status-publish"],"_links":{"self":[{"href":"https:\/\/avd.vosp.cz\/index.php?rest_route=\/wp\/v2\/pages\/288","targetHints":{"allow":["GET"]}}],"collection":[{"href":"https:\/\/avd.vosp.cz\/index.php?rest_route=\/wp\/v2\/pages"}],"about":[{"href":"https:\/\/avd.vosp.cz\/index.php?rest_route=\/wp\/v2\/types\/page"}],"author":[{"embeddable":true,"href":"https:\/\/avd.vosp.cz\/index.php?rest_route=\/wp\/v2\/users\/3"}],"replies":[{"embeddable":true,"href":"https:\/\/avd.vosp.cz\/index.php?rest_route=%2Fwp%2Fv2%2Fcomments&post=288"}],"version-history":[{"count":5,"href":"https:\/\/avd.vosp.cz\/index.php?rest_route=\/wp\/v2\/pages\/288\/revisions"}],"predecessor-version":[{"id":363,"href":"https:\/\/avd.vosp.cz\/index.php?rest_route=\/wp\/v2\/pages\/288\/revisions\/363"}],"wp:attachment":[{"href":"https:\/\/avd.vosp.cz\/index.php?rest_route=%2Fwp%2Fv2%2Fmedia&parent=288"}],"curies":[{"name":"wp","href":"https:\/\/api.w.org\/{rel}","templated":true}]}}