{"id":153,"date":"2020-09-09T12:51:44","date_gmt":"2020-09-09T10:51:44","guid":{"rendered":"https:\/\/avd.vosp.cz\/?page_id=153"},"modified":"2025-01-19T21:17:25","modified_gmt":"2025-01-19T20:17:25","slug":"rezervace-techniky","status":"publish","type":"page","link":"https:\/\/avd.vosp.cz\/?page_id=153","title":{"rendered":"Rezervace techniky"},"content":{"rendered":"\n<p class=\"has-large-font-size\"><a rel=\"noreferrer noopener\" href=\"https:\/\/avd.rezervator.cz\/\" target=\"_blank\"><strong>SYST\u00c9M REZERV\u00c1TOR &#8211; REZERVACE TECHNIKY<\/strong><\/a><\/p>\n\n\n\n<p>Upozorn\u011bn\u00ed: syst\u00e9m rezerv\u00e1tor nyn\u00ed ukazuje ceny polo\u017eek a va\u0161\u00ed objedn\u00e1vky. Cena je pouze referen\u010dn\u00ed, technika je pro \u0161koln\u00ed projekty poskytov\u00e1na bez\u00faplatn\u011b. Ceny jsou platn\u00e9 pouze pro soukrom\u00e9 \u00fa\u010dely a zak\u00e1zky.<\/p>\n\n\n\n<p><\/p>\n","protected":false},"excerpt":{"rendered":"<p>SYST\u00c9M REZERV\u00c1TOR &#8211; REZERVACE TECHNIKY Upozorn\u011bn\u00ed: syst\u00e9m rezerv\u00e1tor nyn\u00ed ukazuje ceny polo\u017eek a va\u0161\u00ed objedn\u00e1vky. Cena je pouze referen\u010dn\u00ed, technika je pro \u0161koln\u00ed projekty poskytov\u00e1na bez\u00faplatn\u011b. Ceny jsou platn\u00e9 pouze pro soukrom\u00e9 \u00fa\u010dely a zak\u00e1zky.<\/p>\n","protected":false},"author":3,"featured_media":0,"parent":0,"menu_order":0,"comment_status":"closed","ping_status":"closed","template":"","meta":{"ngg_post_thumbnail":0,"footnotes":""},"class_list":["post-153","page","type-page","status-publish"],"_links":{"self":[{"href":"https:\/\/avd.vosp.cz\/index.php?rest_route=\/wp\/v2\/pages\/153","targetHints":{"allow":["GET"]}}],"collection":[{"href":"https:\/\/avd.vosp.cz\/index.php?rest_route=\/wp\/v2\/pages"}],"about":[{"href":"https:\/\/avd.vosp.cz\/index.php?rest_route=\/wp\/v2\/types\/page"}],"author":[{"embeddable":true,"href":"https:\/\/avd.vosp.cz\/index.php?rest_route=\/wp\/v2\/users\/3"}],"replies":[{"embeddable":true,"href":"https:\/\/avd.vosp.cz\/index.php?rest_route=%2Fwp%2Fv2%2Fcomments&post=153"}],"version-history":[{"count":9,"href":"https:\/\/avd.vosp.cz\/index.php?rest_route=\/wp\/v2\/pages\/153\/revisions"}],"predecessor-version":[{"id":443,"href":"https:\/\/avd.vosp.cz\/index.php?rest_route=\/wp\/v2\/pages\/153\/revisions\/443"}],"wp:attachment":[{"href":"https:\/\/avd.vosp.cz\/index.php?rest_route=%2Fwp%2Fv2%2Fmedia&parent=153"}],"curies":[{"name":"wp","href":"https:\/\/api.w.org\/{rel}","templated":true}]}}